{"id":1008,"date":"2022-05-24T20:45:37","date_gmt":"2022-05-24T23:45:37","guid":{"rendered":"https:\/\/setransportes.com.br\/site\/?page_id=1008"},"modified":"2022-05-24T21:39:15","modified_gmt":"2022-05-25T00:39:15","slug":"politica-de-privacidade","status":"publish","type":"page","link":"https:\/\/setransportes.com.br\/site\/politica-de-privacidade\/","title":{"rendered":"Pol\u00edtica de Privacidade"},"content":{"rendered":"\t\t<div data-elementor-type=\"wp-page\" data-elementor-id=\"1008\" class=\"elementor elementor-1008\" data-elementor-settings=\"[]\">\n\t\t\t\t\t\t<div class=\"elementor-inner\">\n\t\t\t\t\t\t\t<div class=\"elementor-section-wrap\">\n\t\t\t\t\t\t\t<section class=\"elementor-section elementor-top-section elementor-element elementor-element-76a453a6 elementor-section-boxed elementor-section-height-default elementor-section-height-default\" data-id=\"76a453a6\" data-element_type=\"section\">\n\t\t\t\t\t\t<div class=\"elementor-container elementor-column-gap-default\">\n\t\t\t\t\t\t\t<div class=\"elementor-row\">\n\t\t\t\t\t<div class=\"elementor-column elementor-col-100 elementor-top-column elementor-element elementor-element-1f9b8f73\" data-id=\"1f9b8f73\" data-element_type=\"column\">\n\t\t\t<div class=\"elementor-column-wrap elementor-element-populated\">\n\t\t\t\t\t\t\t<div class=\"elementor-widget-wrap\">\n\t\t\t\t\t\t<div class=\"elementor-element elementor-element-589789c elementor-widget elementor-widget-spacer\" data-id=\"589789c\" data-element_type=\"widget\" data-widget_type=\"spacer.default\">\n\t\t\t\t<div class=\"elementor-widget-container\">\n\t\t\t\t\t<div class=\"elementor-spacer\">\n\t\t\t<div class=\"elementor-spacer-inner\"><\/div>\n\t\t<\/div>\n\t\t\t\t<\/div>\n\t\t\t\t<\/div>\n\t\t\t\t<div class=\"elementor-element elementor-element-8f946ef elementor-widget elementor-widget-heading\" data-id=\"8f946ef\" data-element_type=\"widget\" data-widget_type=\"heading.default\">\n\t\t\t\t<div class=\"elementor-widget-container\">\n\t\t\t<h2 class=\"elementor-heading-title elementor-size-default\">TERMO DE CONSENTIMENTO PARA O TRATAMENTO DE DADOS PESSOAIS <\/h2>\t\t<\/div>\n\t\t\t\t<\/div>\n\t\t\t\t\t\t<\/div>\n\t\t\t\t\t<\/div>\n\t\t<\/div>\n\t\t\t\t\t\t\t\t<\/div>\n\t\t\t\t\t<\/div>\n\t\t<\/section>\n\t\t\t\t<section class=\"elementor-section elementor-top-section elementor-element elementor-element-6d7c99e elementor-section-boxed elementor-section-height-default elementor-section-height-default\" data-id=\"6d7c99e\" data-element_type=\"section\">\n\t\t\t\t\t\t<div class=\"elementor-container elementor-column-gap-default\">\n\t\t\t\t\t\t\t<div class=\"elementor-row\">\n\t\t\t\t\t<div class=\"elementor-column elementor-col-100 elementor-top-column elementor-element elementor-element-2e63959\" data-id=\"2e63959\" data-element_type=\"column\">\n\t\t\t<div class=\"elementor-column-wrap elementor-element-populated\">\n\t\t\t\t\t\t\t<div class=\"elementor-widget-wrap\">\n\t\t\t\t\t\t<div class=\"elementor-element elementor-element-c58eff0 elementor-widget elementor-widget-text-editor\" data-id=\"c58eff0\" data-element_type=\"widget\" data-widget_type=\"text-editor.default\">\n\t\t\t\t<div class=\"elementor-widget-container\">\n\t\t\t\t\t<div class=\"elementor-text-editor elementor-clearfix\"><div class=\"\" data-block=\"true\" data-editor=\"18nqm\" data-offset-key=\"d3a2g-0-0\"><div class=\"_1mf _1mj\" data-offset-key=\"d3a2g-0-0\"><p>\u00a0<\/p><p>Em observ\u00e2ncia \u00e0 Lei n. 13.709\/18 \u2013 Lei Geral de Prote\u00e7\u00e3o de Dados Pessoais &#8211; e demais normativas aplic\u00e1veis sobre prote\u00e7\u00e3o de dados pessoais, manifesto-me de forma informada, livre, expressa e consciente, no sentido de autorizar a S.E TRANSPORTES E REPRESENTA\u00c7\u00d5ES LTDA, a realizar o tratamento de meus Dados Pessoais para as finalidades e de acordo com as condi\u00e7\u00f5es aqui estabelecidas.<\/p><\/div><\/div><p><strong><u>Finalidades do<\/u><\/strong><strong><u> tratamento<\/u><\/strong><\/p><p>Os meus Dados Pessoais poder\u00e3o ser utilizados pela S.E TRANSPORTES E REPRESENTA\u00c7\u00d5ES LTDA,\u00a0 para:<\/p><ol><li>Cumprir as obriga\u00e7\u00f5es contratuais, legais e regulat\u00f3rias da S.E TRANSPORTES E REPRESENTA\u00c7\u00d5ES LTDA, em raz\u00e3o de suas atividades;<\/li><\/ol><ol start=\"2\"><li>Execu\u00e7\u00e3o de seus programas e presta\u00e7\u00e3o de servi\u00e7os e transporte;<\/li><\/ol><ol start=\"3\"><li>Fomentar, desenvolver e melhorar solu\u00e7\u00f5es para clientes e parceiros;<\/li><\/ol><ol start=\"4\"><li>Realizar a comunica\u00e7\u00e3o aos clientes, parceiros e colaboradores, por meio de quaisquer canais de comunica\u00e7\u00e3o (telefone, e-mail, SMS, WhatsApp, etc.).<\/li><\/ol><p>Estou ciente de que a S.E TRANSPORTES E REPRESENTA\u00c7\u00d5ES LTDA, poder\u00e1 compartilhar os meus Dados Pessoais com seus parceiros e demais prestadores de servi\u00e7os, restringindo-se \u00e0s fun\u00e7\u00f5es e atividades por cada um desempenhadas e em ader\u00eancia \u00e0s finalidades acima estabelecidas.<\/p><p>Estou ciente que a S.E TRANSPORTES E REPRESENTA\u00c7\u00d5ES LTDA, poder\u00e1 tomar decis\u00f5es automatizadas com base em meus Dados Pessoais, sendo garantido a mim o direito de solicitar a revis\u00e3o dessas decis\u00f5es.<\/p><p><strong><u>Confidencialidade<\/u><\/strong><\/p><p>Estou ciente do compromisso assumido pela S.E TRANSPORTES E REPRESENTA\u00c7\u00d5ES LTDA, de tratar os meus Dados Pessoais de forma sigilosa e confidencial, mantendo-os em ambiente seguro e n\u00e3o sendo utilizados para qualquer fim, que n\u00e3o sejam os descritos acima.<\/p><p><strong><u>Revoga\u00e7\u00e3o<\/u><\/strong><\/p><p>Estou ciente de que, a qualquer tempo, posso retirar o consentimento ora fornecido, hip\u00f3tese em que as atividades desenvolvidas pela S.E TRANSPORTES E REPRESENTA\u00c7\u00d5ES LTDA, no \u00e2mbito de nossa rela\u00e7\u00e3o, poder\u00e3o restar prejudicadas.<\/p><p>___<\/p><p>Declaro e concordo que os meus Dados Pessoais poder\u00e3o ser armazenados, mesmo ap\u00f3s o t\u00e9rmino do tratamento \u2013 inclusive ap\u00f3s a revoga\u00e7\u00e3o do consentimento \u2013, (i)para cumprimento de obriga\u00e7\u00e3o legal ou regulat\u00f3ria, ou (ii)desde que tornados an\u00f4nimos.<\/p><p>Por fim, declaro ter lido e sido suficientemente informado sobre o conte\u00fado deste Termo e concordo com o tratamento dos meus Dados Pessoais, aqui descrito de forma livre e esclarecida, em observ\u00e2ncia \u00e0 Lei Geral de Prote\u00e7\u00e3o de Dados e \u00e0s demais normativas sobre prote\u00e7\u00e3o de Dados Pessoais aplic\u00e1veis.<\/p><p>Manifesto-me de forma informada, livre, expressa e consciente, no sentido de autorizar a S.E TRANSPORTES E REPRESENTA\u00c7\u00d5ES LTDA, a realizar contato comigo atrav\u00e9s dos seguintes canais: e-mail, telefonema e Whatsapp.<\/p><\/div>\n\t\t\t\t<\/div>\n\t\t\t\t<\/div>\n\t\t\t\t\t\t<\/div>\n\t\t\t\t\t<\/div>\n\t\t<\/div>\n\t\t\t\t\t\t\t\t<\/div>\n\t\t\t\t\t<\/div>\n\t\t<\/section>\n\t\t\t\t\t\t<\/div>\n\t\t\t\t\t\t<\/div>\n\t\t\t\t\t<\/div>\n\t\t","protected":false},"excerpt":{"rendered":"","protected":false},"author":1,"featured_media":0,"parent":0,"menu_order":0,"comment_status":"closed","ping_status":"closed","template":"","meta":[],"_links":{"self":[{"href":"https:\/\/setransportes.com.br\/site\/wp-json\/wp\/v2\/pages\/1008"}],"collection":[{"href":"https:\/\/setransportes.com.br\/site\/wp-json\/wp\/v2\/pages"}],"about":[{"href":"https:\/\/setransportes.com.br\/site\/wp-json\/wp\/v2\/types\/page"}],"author":[{"embeddable":true,"href":"https:\/\/setransportes.com.br\/site\/wp-json\/wp\/v2\/users\/1"}],"replies":[{"embeddable":true,"href":"https:\/\/setransportes.com.br\/site\/wp-json\/wp\/v2\/comments?post=1008"}],"version-history":[{"count":4,"href":"https:\/\/setransportes.com.br\/site\/wp-json\/wp\/v2\/pages\/1008\/revisions"}],"predecessor-version":[{"id":1014,"href":"https:\/\/setransportes.com.br\/site\/wp-json\/wp\/v2\/pages\/1008\/revisions\/1014"}],"wp:attachment":[{"href":"https:\/\/setransportes.com.br\/site\/wp-json\/wp\/v2\/media?parent=1008"}],"curies":[{"name":"wp","href":"https:\/\/api.w.org\/{rel}","templated":true}]}}