{"id":1107,"date":"2025-05-26T09:08:51","date_gmt":"2025-05-26T12:08:51","guid":{"rendered":"https:\/\/setransportes.com.br\/site\/?page_id=1107"},"modified":"2025-11-18T17:02:48","modified_gmt":"2025-11-18T20:02:48","slug":"manuais","status":"publish","type":"page","link":"https:\/\/setransportes.com.br\/site\/manuais\/","title":{"rendered":"Manuais"},"content":{"rendered":"<section data-kc-fullwidth=\"row\" class=\"kc-elm kc-css-119286 kc_row\"><div class=\"kc-row-container  kc-container\"><div class=\"kc-wrap-columns\"><div class=\"kc-elm kc-css-813973 kc_col-sm-12 kc_column kc_col-sm-12\"><div class=\"kc-col-container\"><div class=\"kc-elm kc-css-386786\" style=\"height: 101px; clear: both; width:100%;\"><\/div><div data-open-on-mouseover=\"\" data-tab-active=\"1\" data-effect-option=\"\" class=\"kc-elm kc-css-497195 kc_tabs group kc_vertical_tabs\">\n\t<div class=\"kc_wrapper ui-tabs kc_clearfix\">\n\t\t<ul class=\" ui-tabs-nav kc_clearfix\">\n\t\t\t<li><a href=\"#\" data-prevent=\"scroll\">Pol\u00edtica de Seguran\u00e7a de Alimentos<\/a><\/li>\t\t<\/ul>\n\t\t<div id=\"politica-de-seguranca-de-alimentos\" class=\"kc-elm kc-css-899236 kc_tab ui-tabs-panel kc_ui-tabs-hide kc_clearfix \"><div class=\"kc_tab_content\"><div class=\"kc-elm kc-css-966481 kc_text_block\"><\/p>\n<p class=\"MsoNormal\" style=\"text-align: justify;\">A SE Transportes define uma pol\u00edtica apropriada ao prop\u00f3sito da organiza\u00e7\u00e3o, para a inclus\u00e3o do atendimento aos requisitos da norma GMP + FSA, conforme descrito abaixo:<br \/>A S.E. Transportes e Representa\u00e7\u00f5es Ltda., empresa que realiza o afretamento de transporte rodovi\u00e1rio e transporte rodovi\u00e1rio de feed materials, declara seu compromisso em atender as partes interessadas, atrav\u00e9s de um sistema que promove a seguran\u00e7a dos alimentos, a comunica\u00e7\u00e3o interna e externa, melhoria cont\u00ednua de seus processos e servi\u00e7os, incentivando o desenvolvimento de seus colaboradores e atendendo regulat\u00f3rios nacionais e internacionais para transporte rodovi\u00e1rio de feed materials.<br \/>Manual do transportador disponibilizado aos motoristas pr\u00f3prios e terceiros, segue abaixo.<\/p>\n<p>\n<\/div><div class=\"kc-elm kc-css-434015\" style=\"height: 20px; clear: both; width:100%;\"><\/div>\n<div class=\"kc-elm kc-css-518807\">\n\t<a class=\"kc_button\" href=\"https:\/\/setransportes.com.br\/site\/wp-content\/uploads\/2025\/11\/MANUAL-DE-BOAS-PRATICAS-PARA-O-TRANSPORTE-2025.pdf\" target=\"_blank\" title=\"\" onclick=\"\">\n\t\t<i class=\"fa-angle-double-down\"><\/i> | Download do Manual de Boas Pr\u00e1ticas para o Transporte\t<\/a>\n<\/div>\n<div class=\"kc-elm kc-css-424745\" style=\"height: 20px; clear: both; width:100%;\"><\/div><\/div><\/div>\t<\/div>\n<\/div>\n\n\n<div class=\"kc-elm kc-css-15734\" style=\"height: 101px; clear: both; width:100%;\"><\/div><\/div><\/div><\/div><\/div><\/section>\n","protected":false},"excerpt":{"rendered":"","protected":false},"author":1,"featured_media":0,"parent":0,"menu_order":0,"comment_status":"closed","ping_status":"closed","template":"","meta":[],"_links":{"self":[{"href":"https:\/\/setransportes.com.br\/site\/wp-json\/wp\/v2\/pages\/1107"}],"collection":[{"href":"https:\/\/setransportes.com.br\/site\/wp-json\/wp\/v2\/pages"}],"about":[{"href":"https:\/\/setransportes.com.br\/site\/wp-json\/wp\/v2\/types\/page"}],"author":[{"embeddable":true,"href":"https:\/\/setransportes.com.br\/site\/wp-json\/wp\/v2\/users\/1"}],"replies":[{"embeddable":true,"href":"https:\/\/setransportes.com.br\/site\/wp-json\/wp\/v2\/comments?post=1107"}],"version-history":[{"count":10,"href":"https:\/\/setransportes.com.br\/site\/wp-json\/wp\/v2\/pages\/1107\/revisions"}],"predecessor-version":[{"id":1124,"href":"https:\/\/setransportes.com.br\/site\/wp-json\/wp\/v2\/pages\/1107\/revisions\/1124"}],"wp:attachment":[{"href":"https:\/\/setransportes.com.br\/site\/wp-json\/wp\/v2\/media?parent=1107"}],"curies":[{"name":"wp","href":"https:\/\/api.w.org\/{rel}","templated":true}]}}