{"id":188,"date":"2017-04-04T09:10:55","date_gmt":"2017-04-04T09:10:55","guid":{"rendered":"http:\/\/demoapus-wp.com\/trucking\/?page_id=188"},"modified":"2023-09-12T09:06:27","modified_gmt":"2023-09-12T12:06:27","slug":"sobre","status":"publish","type":"page","link":"https:\/\/setransportes.com.br\/site\/sobre\/","title":{"rendered":"Sobre"},"content":{"rendered":"<p><section class=\"kc-elm kc-css-758768 kc_row\"><div class=\"kc-row-container  kc-container\"><div class=\"kc-wrap-columns\"><div class=\"kc-elm kc-css-793144 kc_col-sm-12 kc_column kc_col-sm-12\"><div class=\"kc-col-container\"><div id=\" \" class=\"kc-elm kc-css-835932 kc_row kc_row_inner\"><div class=\"kc-elm kc-css-738450 kc_col-sm-6 kc_column_inner kc_col-sm-6\"><div class=\"kc_wrapper kc-col-inner-container\"><div class=\"widget-heading-title style_5\">\n\t\t<h3 class=\"title\">\n\t\t\t\t\t\tSeja bem-vindo(a) \u00e0 S.E. TRANSPORTES\t<\/h3>\n<\/div><div class=\"kc-elm kc-css-55579 kc_text_block\"><\/p>\n<p>Com um amplo conhecimento na \u00e1rea e uma forte determina\u00e7\u00e3o em trazer para o mercado uma transportadora inovadora, baseada na confian\u00e7a e excel\u00eancia, o Sr. Alancardequi Leite estabeleceu a S.E. Transportes em Itumbiara-GO, em 15 de setembro de 2006. Desde ent\u00e3o, a empresa vem trilhando um caminho de sucesso, transformando n\u00e3o apenas a vida de seu fundador, mas tamb\u00e9m a de clientes, parceiros e mais de 100 colaboradores em 11 cidades de Goi\u00e1s e Minas Gerais.<\/p>\n<p>Ao longo de sua jornada, a S.E. Transportes evoluiu para se tornar muito mais do que uma transportadora comum. Com uma capacidade de embarque de mais de 7.000 ve\u00edculos pesados, entre pr\u00f3prios e terceiros, hoje a empresa tornou-se um elo de confian\u00e7a na cadeia log\u00edstica de milhares de clientes e parceiros. Esses clientes e parceiros depositam na S.E. Transportes a certeza de que suas cargas ser\u00e3o entregues aos destinos com m\u00e1xima efici\u00eancia, seguran\u00e7a e rapidez.<\/p>\n<\/p>\n<p>\n<\/div><\/div><\/div><\/div><div id=\" \" class=\"kc-elm kc-css-768951 kc_row kc_row_inner\"><div class=\"kc-elm kc-css-978107 kc_col-sm-4 kc_column_inner kc_col-sm-4\"><div class=\"kc_wrapper kc-col-inner-container\"><div class=\"kc-elm kc-css-366270 kc_text_block\"><\/p>\n<h5><strong>MISS\u00c3O:<\/strong><\/h5>\n<p>Oferecer processos log\u00edsticos com<br \/>qualidade e seguran\u00e7a atendendo<br \/>e superando as expectativas dos<br \/>nossos clientes.<\/p>\n<p>\n<\/div><\/div><\/div><div class=\"kc-elm kc-css-190298 kc_col-sm-4 kc_column_inner kc_col-sm-4\"><div class=\"kc_wrapper kc-col-inner-container\"><div class=\"kc-elm kc-css-546749 kc_text_block\"><\/p>\n<h5><strong>VIS\u00c3O:<\/strong><\/h5>\n<p>Ser reconhecido por nossos clientes,<br \/>como a melhor op\u00e7\u00e3o de transporte<br \/>no centro oeste brasileiro.<\/p>\n<p>\n<\/div><\/div><\/div><div class=\"kc-elm kc-css-232616 kc_col-sm-4 kc_column_inner kc_col-sm-4\"><div class=\"kc_wrapper kc-col-inner-container\"><div class=\"kc-elm kc-css-425324 kc_text_block\"><\/p>\n<h5><strong>VALORES:<\/strong><\/h5>\n<p>\u2022 Transpar\u00eancia nas informa\u00e7\u00f5es;<br \/>\u2022 Idoneidade;<br \/>\u2022 Comprometimento com o colaborador;<br \/>\u2022 Honestidade;<br \/>\u2022 Fam\u00edlia;<br \/>\u2022 Qualidade.<\/p>\n<p>\n<\/div><\/div><\/div><\/div><div class=\"kc-elm kc-css-772477\" style=\"height: 20px; clear: both; width:100%;\"><\/div><div class=\"kc-elm kc-css-741259\" style=\"height: 20px; clear: both; width:100%;\"><\/div><div class=\"kc-elm kc-css-986350 kc-feature-boxes kc-fb-layout-1\">\n\n\t<div class=\"content-icon\"><i class=\"mn-icon-22\"><\/i><\/div><div class=\"content-title\">95,65% de satisfa\u00e7\u00e3o dos clientes em 2022. <\/div>\n<\/div>\n<div class=\"kc-elm kc-css-162794\" style=\"height: 20px; clear: both; width:100%;\"><\/div><div id=\" \" class=\"kc-elm kc-css-168368 kc_row kc_row_inner\"><div class=\"kc-elm kc-css-759468 kc_col-sm-6 kc_column_inner kc_col-sm-6\"><div class=\"kc_wrapper kc-col-inner-container\"><div class=\"kc-elm kc-css-827200 kc_shortcode kc_single_image\">\n\n        <img src=\"https:\/\/setransportes.com.br\/site\/wp-content\/uploads\/2021\/04\/telefone.jpg\" class=\"\" alt=\"\" \/>    <\/div>\n<div class=\"kc-elm kc-css-473348\" style=\"height: 20px; clear: both; width:100%;\"><\/div><\/div><\/div><div class=\"kc-elm kc-css-226193 kc_col-sm-6 kc_column_inner kc_col-sm-6\"><div class=\"kc_wrapper kc-col-inner-container\"><div class=\"widget-heading-title style_5\">\n\t\t<h3 class=\"title\">\n\t\t\t\t\t\tNossos diferenciais\t<\/h3>\n<\/div><div class=\"kc-elm kc-css-58565 kc_text_block\"><\/p>\n<ul>\n<li>Equipe preparada para atender as demandas log\u00edsticas do agroneg\u00f3cio;<\/li>\n<li>Parceria que gera vantagem competitiva para os nossos clientes;<\/li>\n<li>Operador de Transporte Multimodal;<\/li>\n<li>Garantia de carga com seguro;<\/li>\n<li>Frota pr\u00f3pria com rastreamento 24h;<\/li>\n<li>Atua\u00e7\u00e3o em todo territ\u00f3rio nacional;<\/li>\n<li>Assessoria jur\u00eddica.<\/li>\n<\/ul>\n<p>\n<\/div><\/div><\/div><\/div><\/div><\/div><\/div><\/div><\/section><section class=\"kc-elm kc-css-939530 kc_row\"><div class=\"kc-row-container  kc-container\"><div class=\"kc-wrap-columns\"><div class=\"kc-elm kc-css-719361 kc_col-sm-12 kc_column kc_col-sm-12\"><div class=\"kc-col-container\"><div class=\"kc-elm kc-css-626258\" style=\"height: 20px; clear: both; width:100%;\"><\/div><div class=\"kc-elm kc-css-519462 kc_shortcode kc_single_image\">\n\n        <img src=\"https:\/\/setransportes.com.br\/site\/wp-content\/uploads\/2022\/08\/fabrica.webp\" class=\"\" alt=\"\" \/>    <\/div>\n<div class=\"kc-elm kc-css-744481\" style=\"height: 20px; clear: both; width:100%;\"><\/div><div class=\"kc-elm kc-css-390959 kc_text_block\"><\/p>\n<p style=\"text-align: center;\">Al\u00e9m de frota pr\u00f3pria, a S.E. Transportes possui uma ampla rede de ve\u00edculos agregados e terceiros em todo territ\u00f3rio nacional. Aliados \u00e0 tecnologia de ponta e com o know how de quem est\u00e1 na vanguarda deste segmento, garantimos a total seguran\u00e7a, integridade e capacidade de embarque para qualquer destino.<\/p>\n<p>\n<\/div><\/div><\/div><\/div><\/div><\/section><section class=\"kc-elm kc-css-886896 kc_row\"><div class=\"kc-row-container  kc-container\"><div class=\"kc-wrap-columns\"><div class=\"kc-elm kc-css-296832 kc_col-sm-12 kc_column kc_col-sm-12\"><div class=\"kc-col-container\"><div class=\"kc-elm kc-css-676885 kc-animated kc-animate-eff-fadeInLeft kc_shortcode kc_single_image\">\n\n        <a  href=\"https:\/\/drive.google.com\/file\/d\/1q9iwqBXMEF4kB_6uMkp-ow84ip64kr3g\/view?usp=sharing\" title=\"Apresenta\u00e7\u00e3o S.E. Transportes\" target=\"_blank\">\n        <img src=\"https:\/\/setransportes.com.br\/site\/wp-content\/uploads\/2021\/04\/caminhao-1024x307-1.png\" class=\"\" alt=\"\" \/>    <\/a>\n    <\/div>\n<div class=\"kc-elm kc-css-862533\" style=\"height: 20px; clear: both; width:100%;\"><\/div><\/div><\/div><\/div><\/div><\/section><section class=\"kc-elm kc-css-586460 kc_row\"><div class=\"kc-row-container  kc-container\"><div class=\"kc-wrap-columns\"><div class=\"kc-elm kc-css-970544 kc_col-sm-12 kc_column kc_col-sm-12\"><div class=\"kc-col-container\"><div class=\"widget-heading-title style_5\">\n\t\t<h3 class=\"title\">\n\t\t\t\t\t\tSeguimos juntos:\t<\/h3>\n<\/div><div class=\"kc-elm kc-css-288375\" style=\"height: 20px; clear: both; width:100%;\"><\/div><div class=\"kc-image-gallery kc-elm kc-css-325075\">\n<div class=\"kc_image_gallery kc-carousel-image layout2 kc-grid \">\n<div class=\"item-grid grid-5\"><img src=\"https:\/\/setransportes.com.br\/site\/wp-content\/uploads\/2023\/09\/clientes-7.png\" alt=\"\"\/><\/div><div class=\"item-grid grid-5\"><img src=\"https:\/\/setransportes.com.br\/site\/wp-content\/uploads\/2023\/09\/clientes-6.png\" alt=\"\"\/><\/div><div class=\"item-grid grid-5\"><img src=\"https:\/\/setransportes.com.br\/site\/wp-content\/uploads\/2023\/09\/clientes-5.png\" alt=\"\"\/><\/div><div class=\"item-grid grid-5\"><img src=\"https:\/\/setransportes.com.br\/site\/wp-content\/uploads\/2023\/09\/clientes-4.png\" alt=\"\"\/><\/div><div class=\"item-grid grid-5\"><img src=\"https:\/\/setransportes.com.br\/site\/wp-content\/uploads\/2023\/09\/clientes-3.png\" alt=\"\"\/><\/div><div class=\"item-grid grid-5\"><img src=\"https:\/\/setransportes.com.br\/site\/wp-content\/uploads\/2023\/09\/clientes-2.png\" alt=\"\"\/><\/div><div class=\"item-grid grid-5\"><img src=\"https:\/\/setransportes.com.br\/site\/wp-content\/uploads\/2023\/09\/clientes-1.png\" alt=\"\"\/><\/div><div class=\"item-grid grid-5\"><img src=\"https:\/\/setransportes.com.br\/site\/wp-content\/uploads\/2022\/07\/clientes-24.jpg\" alt=\"\"\/><\/div><div class=\"item-grid grid-5\"><img src=\"https:\/\/setransportes.com.br\/site\/wp-content\/uploads\/2022\/07\/clientes-32.jpg\" alt=\"\"\/><\/div><div class=\"item-grid grid-5\"><img src=\"https:\/\/setransportes.com.br\/site\/wp-content\/uploads\/2022\/07\/clientes-31.jpg\" alt=\"\"\/><\/div><div class=\"item-grid grid-5\"><img src=\"https:\/\/setransportes.com.br\/site\/wp-content\/uploads\/2022\/07\/clientes-30.jpg\" alt=\"\"\/><\/div><div class=\"item-grid grid-5\"><img src=\"https:\/\/setransportes.com.br\/site\/wp-content\/uploads\/2022\/07\/clientes-29.jpg\" alt=\"\"\/><\/div><div class=\"item-grid grid-5\"><img src=\"https:\/\/setransportes.com.br\/site\/wp-content\/uploads\/2022\/07\/clientes-28.jpg\" alt=\"\"\/><\/div><div class=\"item-grid grid-5\"><img src=\"https:\/\/setransportes.com.br\/site\/wp-content\/uploads\/2022\/07\/clientes-27.jpg\" alt=\"\"\/><\/div><div class=\"item-grid grid-5\"><img src=\"https:\/\/setransportes.com.br\/site\/wp-content\/uploads\/2022\/07\/clientes-25.jpg\" alt=\"\"\/><\/div><div class=\"item-grid grid-5\"><img src=\"https:\/\/setransportes.com.br\/site\/wp-content\/uploads\/2022\/07\/clientes-24.jpg\" alt=\"\"\/><\/div><div class=\"item-grid grid-5\"><img src=\"https:\/\/setransportes.com.br\/site\/wp-content\/uploads\/2022\/07\/clientes-23.jpg\" alt=\"\"\/><\/div><div class=\"item-grid grid-5\"><img src=\"https:\/\/setransportes.com.br\/site\/wp-content\/uploads\/2022\/07\/clientes-22.jpg\" alt=\"\"\/><\/div><div class=\"item-grid grid-5\"><img src=\"https:\/\/setransportes.com.br\/site\/wp-content\/uploads\/2022\/07\/clientes-20.jpg\" alt=\"\"\/><\/div><div class=\"item-grid grid-5\"><img src=\"https:\/\/setransportes.com.br\/site\/wp-content\/uploads\/2022\/07\/clientes-19.jpg\" alt=\"\"\/><\/div><div class=\"item-grid grid-5\"><img src=\"https:\/\/setransportes.com.br\/site\/wp-content\/uploads\/2022\/07\/clientes-18.jpg\" alt=\"\"\/><\/div><div class=\"item-grid grid-5\"><img src=\"https:\/\/setransportes.com.br\/site\/wp-content\/uploads\/2022\/07\/clientes-17.jpg\" alt=\"\"\/><\/div><div class=\"item-grid grid-5\"><img src=\"https:\/\/setransportes.com.br\/site\/wp-content\/uploads\/2022\/07\/clientes-16.jpg\" alt=\"\"\/><\/div><div class=\"item-grid grid-5\"><img src=\"https:\/\/setransportes.com.br\/site\/wp-content\/uploads\/2022\/07\/clientes-15.jpg\" alt=\"\"\/><\/div><div class=\"item-grid grid-5\"><img src=\"https:\/\/setransportes.com.br\/site\/wp-content\/uploads\/2022\/07\/clientes-14.jpg\" alt=\"\"\/><\/div><div class=\"item-grid grid-5\"><img src=\"https:\/\/setransportes.com.br\/site\/wp-content\/uploads\/2022\/07\/clientes-13.jpg\" alt=\"\"\/><\/div><div class=\"item-grid grid-5\"><img src=\"https:\/\/setransportes.com.br\/site\/wp-content\/uploads\/2022\/07\/clientes-12.jpg\" alt=\"\"\/><\/div><div class=\"item-grid grid-5\"><img src=\"https:\/\/setransportes.com.br\/site\/wp-content\/uploads\/2022\/07\/clientes-11.jpg\" alt=\"\"\/><\/div><div class=\"item-grid grid-5\"><img src=\"https:\/\/setransportes.com.br\/site\/wp-content\/uploads\/2022\/07\/clientes-10.jpg\" alt=\"\"\/><\/div><div class=\"item-grid grid-5\"><img src=\"https:\/\/setransportes.com.br\/site\/wp-content\/uploads\/2022\/07\/clientes-9.jpg\" alt=\"\"\/><\/div><div class=\"item-grid grid-5\"><img src=\"https:\/\/setransportes.com.br\/site\/wp-content\/uploads\/2022\/07\/clientes-8.jpg\" alt=\"\"\/><\/div><div class=\"item-grid grid-5\"><img src=\"https:\/\/setransportes.com.br\/site\/wp-content\/uploads\/2022\/07\/clientes-7.jpg\" alt=\"\"\/><\/div><div class=\"item-grid grid-5\"><img src=\"https:\/\/setransportes.com.br\/site\/wp-content\/uploads\/2022\/07\/clientes-6.jpg\" alt=\"\"\/><\/div><div class=\"item-grid grid-5\"><img src=\"https:\/\/setransportes.com.br\/site\/wp-content\/uploads\/2022\/07\/clientes-5.jpg\" alt=\"\"\/><\/div><div class=\"item-grid grid-5\"><img src=\"https:\/\/setransportes.com.br\/site\/wp-content\/uploads\/2022\/07\/clientes-3.jpg\" alt=\"\"\/><\/div><div class=\"item-grid grid-5\"><img src=\"https:\/\/setransportes.com.br\/site\/wp-content\/uploads\/2022\/07\/clientes-1.jpg\" alt=\"\"\/><\/div><\/div>\n<\/div><\/div><\/div><\/div><\/div><\/section><section class=\"kc-elm kc-css-521454 kc_row\"><div class=\"kc-row-container  kc-container\"><div class=\"kc-wrap-columns\"><div class=\"kc-elm kc-css-517917 kc_col-sm-12 kc_column kc_col-sm-12\"><div class=\"kc-col-container\"><div class=\"kc-elm kc-css-46862 kc_text_block\"><\/p>\n<p>\n<\/div><\/div><\/div><\/div><\/div><\/section><\/p>\n","protected":false},"excerpt":{"rendered":"","protected":false},"author":1,"featured_media":0,"parent":0,"menu_order":0,"comment_status":"closed","ping_status":"closed","template":"","meta":[],"_links":{"self":[{"href":"https:\/\/setransportes.com.br\/site\/wp-json\/wp\/v2\/pages\/188"}],"collection":[{"href":"https:\/\/setransportes.com.br\/site\/wp-json\/wp\/v2\/pages"}],"about":[{"href":"https:\/\/setransportes.com.br\/site\/wp-json\/wp\/v2\/types\/page"}],"author":[{"embeddable":true,"href":"https:\/\/setransportes.com.br\/site\/wp-json\/wp\/v2\/users\/1"}],"replies":[{"embeddable":true,"href":"https:\/\/setransportes.com.br\/site\/wp-json\/wp\/v2\/comments?post=188"}],"version-history":[{"count":56,"href":"https:\/\/setransportes.com.br\/site\/wp-json\/wp\/v2\/pages\/188\/revisions"}],"predecessor-version":[{"id":1103,"href":"https:\/\/setransportes.com.br\/site\/wp-json\/wp\/v2\/pages\/188\/revisions\/1103"}],"wp:attachment":[{"href":"https:\/\/setransportes.com.br\/site\/wp-json\/wp\/v2\/media?parent=188"}],"curies":[{"name":"wp","href":"https:\/\/api.w.org\/{rel}","templated":true}]}}