{"id":230,"date":"2017-04-05T04:00:09","date_gmt":"2017-04-05T04:00:09","guid":{"rendered":"http:\/\/demoapus-wp.com\/trucking\/?page_id=230"},"modified":"2023-08-28T11:23:10","modified_gmt":"2023-08-28T14:23:10","slug":"expertises","status":"publish","type":"page","link":"https:\/\/setransportes.com.br\/site\/expertises\/","title":{"rendered":"Expertises"},"content":{"rendered":"<section class=\"kc-elm kc-css-511811 kc_row\"><div class=\"kc-row-container  kc-container\"><div class=\"kc-wrap-columns\"><div class=\"kc-elm kc-css-289642 kc_col-sm-12 kc_column kc_col-sm-12\"><div class=\"kc-col-container\"><div data-open-on-mouseover=\"\" data-tab-active=\"1\" data-effect-option=\"\" class=\"kc-elm kc-css-184596 kc_tabs group\">\n\t<div class=\"kc_wrapper ui-tabs kc_clearfix\">\n\t\t<ul class=\"kc_tabs_nav ui-tabs-nav kc_clearfix\">\n\t\t\t<li><img src=\"https:\/\/setransportes.com.br\/site\/wp-content\/uploads\/2020\/10\/folha.png\" alt=\"\" \/><a href=\"#\"><\/a><\/li><li> <img src=\"https:\/\/setransportes.com.br\/site\/wp-content\/uploads\/2020\/10\/soja.png\" alt=\"\" \/><a href=\"#\"><\/a><\/li><li>  <img src=\"https:\/\/setransportes.com.br\/site\/wp-content\/uploads\/2020\/10\/oleo-de-soja.png\" alt=\"\" \/><a href=\"#\"><\/a><\/li><li> <img src=\"https:\/\/setransportes.com.br\/site\/wp-content\/uploads\/2020\/10\/vaca.png\" alt=\"\" \/><a href=\"#\"><\/a><\/li><li> <img src=\"https:\/\/setransportes.com.br\/site\/wp-content\/uploads\/2020\/11\/milho2-2.png\" alt=\"\" \/><a href=\"#\"><\/a><\/li><li> <img src=\"https:\/\/setransportes.com.br\/site\/wp-content\/uploads\/2023\/08\/Layer-1.png\" alt=\"\" \/><a href=\"#\"><\/a><\/li>\t\t<\/ul>\n\t\t<div id=\"\" class=\"kc-elm kc-css-554829 kc_tab ui-tabs-panel kc_ui-tabs-hide kc_clearfix \"><div class=\"kc_tab_content\"><div class=\"kc-elm kc-css-964059 kc_text_block\"><\/p>\n<h3 class=\"widget-title\">FERTILIZANTES E CORRETIVOS AGR\u00cdCOLAS<\/h3>\n<div class=\"clearfix\">\n<p><img loading=\"lazy\" class=\"size-full alignleft\" src=\"http:\/\/setransportes.com.br\/site\/wp-content\/themes\/trucking\/images\/oil4.png\" alt=\"\" width=\"270\" height=\"214\" \/><\/p>\n<p>Atendemos produtores rurais, corretores, distribuidores de insumos agr\u00edcolas (revendas) e f\u00e1bricas em todo territ\u00f3rio nacional, realizando entregas em propriedades rurais e tamb\u00e9m em agroind\u00fastrias.<\/p>\n<\/div>\n<p>\n<\/div><\/div><\/div><div id=\"\" class=\"kc-elm kc-css-618346 kc_tab ui-tabs-panel kc_ui-tabs-hide kc_clearfix \"><div class=\"kc_tab_content\"><div class=\"kc-elm kc-css-884908 kc_text_block\"><\/p>\n<h3 class=\"widget-title\">GR\u00c3OS E FARELOS<\/h3>\n<div class=\"clearfix\">\n<p><img loading=\"lazy\" class=\"size-full alignleft\" src=\"http:\/\/setransportes.com.br\/site\/wp-content\/themes\/trucking\/images\/oil3.png\" alt=\"\" width=\"270\" height=\"214\" \/><\/p>\n<p>Atendemos clientes de variados segmentos que v\u00e3o desde ind\u00fastrias de fabrica\u00e7\u00e3o de produtos para consumo humano, para o consumo animal, granjas de todos os segmentos, confinamentos, mineradoras, ind\u00fastrias de bebidas e tamb\u00e9m para exporta\u00e7\u00e3o.<\/p>\n<\/div>\n<p>\n<\/div><\/div><\/div><div id=\"\" class=\"kc-elm kc-css-539071 kc_tab ui-tabs-panel kc_ui-tabs-hide kc_clearfix \"><div class=\"kc_tab_content\"><div class=\"kc-elm kc-css-353928 kc_text_block\"><\/p>\n<h3 class=\"widget-title\">\u00d3LEO COMEST\u00cdVEL E PRODUTOS ACABADOS<\/h3>\n<div class=\"clearfix\">\n<p><img loading=\"lazy\" class=\"size-full alignleft\" src=\"http:\/\/setransportes.com.br\/site\/wp-content\/themes\/trucking\/images\/%C3%B3leo%20de%20soja2.png\" alt=\"\" width=\"270\" height=\"214\" \/><\/p>\n<p>Realizamos entregas em todo o territ\u00f3rio nacional de \u00f3leos comest\u00edveis e demais produtos aliment\u00edcios com ampla experi\u00eancia no segmento de entrega de varejo (atendimento a supermercados e mercearias).<\/p>\n<\/div>\n<p>\n<\/div><\/div><\/div><div id=\"\" class=\"kc-elm kc-css-295782 kc_tab ui-tabs-panel kc_ui-tabs-hide kc_clearfix \"><div class=\"kc_tab_content\"><div class=\"kc-elm kc-css-645370 kc_text_block\"><\/p>\n<h3 class=\"widget-title\">RA\u00c7\u00d5ES<\/h3>\n<div class=\"clearfix\">\n<p><img loading=\"lazy\" class=\"size-medium alignleft\" src=\"http:\/\/setransportes.com.br\/site\/wp-content\/uploads\/2020\/11\/Sem-Titulo-1.jpg\" alt=\"\" width=\"270\" height=\"214\" \/><\/p>\n<p>Possu\u00edmos vasta experi\u00eancia com entregas em propriedades rurais, e tamb\u00e9m com transfer\u00eancia de mercadorias de nossos clientes para seus centros de distribui\u00e7\u00e3o.<\/p>\n<\/div>\n<p>\n<\/div><\/div><\/div><div id=\"\" class=\"kc-elm kc-css-652240 kc_tab ui-tabs-panel kc_ui-tabs-hide kc_clearfix \"><div class=\"kc_tab_content\"><div class=\"kc-elm kc-css-956217 kc_text_block\"><\/p>\n<h3 class=\"widget-title\">DERIVADOS DE MILHO<\/h3>\n<div class=\"clearfix\">\n<p><img loading=\"lazy\" class=\"size-medium alignleft\" src=\"http:\/\/setransportes.com.br\/site\/wp-content\/uploads\/2020\/11\/oil4-1.jpg\" alt=\"\" width=\"270\" height=\"214\" \/><\/p>\n<p>A S.E. Transportes \u00e9 especialista no transporte de derivados<br \/>de milho com log\u00edstica eficiente e solu\u00e7\u00f5es que agregam mais valor aos produtos<br \/>transportados.<\/p>\n<p class=\"MsoNormal\">\n<\/div>\n<p>\n<\/div><\/div><\/div><div id=\"\" class=\"kc-elm kc-css-44597 kc_tab ui-tabs-panel kc_ui-tabs-hide kc_clearfix \"><div class=\"kc_tab_content\"><div class=\"kc-elm kc-css-682125 kc_text_block\"><\/p>\n<h3 class=\"widget-title\">A\u00c7\u00daCAR ENSACADO<\/h3>\n<div class=\"clearfix\">\n<p><img loading=\"lazy\" class=\"size-medium alignleft\" src=\"https:\/\/setransportes.com.br\/site\/wp-content\/uploads\/2023\/08\/acucar.webp\" alt=\"\" width=\"270\" height=\"214\" \/><\/p>\n<p>Possu\u00edmos vasta experi\u00eancia com as principais ind\u00fastrias produtoras para entregas de a\u00e7\u00facar ensacado .<\/p>\n<\/div>\n<p>\n<\/div><\/div><\/div>\t<\/div>\n<\/div>\n\n\n<\/div><\/div><\/div><\/div><\/section>\n","protected":false},"excerpt":{"rendered":"","protected":false},"author":1,"featured_media":0,"parent":0,"menu_order":0,"comment_status":"closed","ping_status":"closed","template":"","meta":[],"_links":{"self":[{"href":"https:\/\/setransportes.com.br\/site\/wp-json\/wp\/v2\/pages\/230"}],"collection":[{"href":"https:\/\/setransportes.com.br\/site\/wp-json\/wp\/v2\/pages"}],"about":[{"href":"https:\/\/setransportes.com.br\/site\/wp-json\/wp\/v2\/types\/page"}],"author":[{"embeddable":true,"href":"https:\/\/setransportes.com.br\/site\/wp-json\/wp\/v2\/users\/1"}],"replies":[{"embeddable":true,"href":"https:\/\/setransportes.com.br\/site\/wp-json\/wp\/v2\/comments?post=230"}],"version-history":[{"count":20,"href":"https:\/\/setransportes.com.br\/site\/wp-json\/wp\/v2\/pages\/230\/revisions"}],"predecessor-version":[{"id":1089,"href":"https:\/\/setransportes.com.br\/site\/wp-json\/wp\/v2\/pages\/230\/revisions\/1089"}],"wp:attachment":[{"href":"https:\/\/setransportes.com.br\/site\/wp-json\/wp\/v2\/media?parent=230"}],"curies":[{"name":"wp","href":"https:\/\/api.w.org\/{rel}","templated":true}]}}