{"id":236,"date":"2017-04-05T04:01:21","date_gmt":"2017-04-05T04:01:21","guid":{"rendered":"http:\/\/demoapus-wp.com\/trucking\/?page_id=236"},"modified":"2023-09-12T08:51:05","modified_gmt":"2023-09-12T11:51:05","slug":"contato","status":"publish","type":"page","link":"https:\/\/setransportes.com.br\/site\/contato\/","title":{"rendered":"Contato"},"content":{"rendered":"<p><section class=\"kc-elm kc-css-61217 kc_row\"><div class=\"kc-row-container\"><div class=\"kc-wrap-columns\"><div class=\"kc-elm kc-css-372154 kc_col-sm-12 kc_column kc_col-sm-12\"><div class=\"kc-col-container\"><\/div><\/div><\/div><\/div><\/section><section class=\"kc-elm kc-css-187131 kc_row\"><div class=\"kc-row-container  kc-container\"><div class=\"kc-wrap-columns\"><div class=\"kc-elm kc-css-152385 kc_col-sm-12 kc_column kc_col-sm-12\"><div class=\"kc-col-container\"><div class=\"widget-heading-title style_5\">\n\t\t<h3 class=\"title\">\n\t\t\t\t\t\tOnde estamos\t<\/h3>\n<\/div><\/div><\/div><\/div><\/div><\/section><section class=\"kc-elm kc-css-466329 kc_row\"><div class=\"kc-row-container  kc-container\"><div class=\"kc-wrap-columns\"><div class=\"kc-elm kc-css-915629 kc_col-sm-6 kc_column kc_col-sm-6\"><div class=\"kc-col-container\"><div class=\"kc-elm kc-css-42085 kc_text_block\"><\/p>\n<p><strong>MATRIZ \u2013 ITUMBIARA-GO<\/strong><br \/>VIA EXPRESSA M\u00daCIO DE SOUZA REZENDE, 3625 \u2013 SALA 03<br \/>SETOR SANTA RITA \u2013 CEP: 75.515-490 CAIXA POSTAL 1001<br \/>(64) 3404-8090<\/p>\n<hr>\n<p style=\"language: pt-BR; margin-top: 0pt; margin-bottom: 0pt; margin-left: 0in; text-align: justify; text-justify: inter-ideograph; direction: ltr; unicode-bidi: embed; mso-line-break-override: none; word-break: normal; punctuation-wrap: hanging;\"><span style=\"font-weight: 600; text-align: start;\">ARCOS \u2013 GO<\/span><\/p>\n<p>RODOVIA BR-354, KM 471, ANEXO AO POSTO CAXUXA JU\u00c1,<br \/>SALA 08, ZONA RURAL, CEP: 35588-000<\/p>\n<hr>\n<p><b>ACRE\u00daNA \u2013 GO<\/b><\/p>\n<p>ROD. BR 060, KM 308, DISTRITO INDUSTRIAL CEP: 75.960-000<br \/>CAIXA POSTAL 36, (64) 9 9223-0206<\/p>\n<hr>\n<p><strong>ACRE\u00daNA \u2013 GO<\/strong><\/p>\n<p>RUA MARIA MACHADO ALMEIDA, 1314, SETOR CENTRO<br \/>CEP: 75.960-000, (64) 9 9222-8781<\/p>\n<hr>\n<p><strong>AN\u00c1POLIS \u2013 GO<\/strong><\/p>\n<p>POSTO CERRADO DA AVENIDA BRASIL SUL, BRASIL SUL, <br \/>6875 &#8211; S\u00c3O JO\u00c3O, AN\u00c1POLIS &#8211; GO, 75126-460, (64) 9 9214-3143<\/p>\n<hr>\n<p><b>APARECIDA DE GOI\u00c2NIA \u2013 GO<\/b><\/p>\n<p>VIA PRIMARIA I, S\/N, QD 04, LT 01 &#8211; DISTRITO AGRO<br \/>INDUSTRIAL DE APARECIDA DE GOI\u00c2NIA &#8211;&nbsp; CEP 74993-401<\/p>\n<hr>\n<p><b>GOIAN\u00c9SIA \u2013 GO<\/b><\/p>\n<p>AV. GOI\u00c1S, N. 661 \u2013 ANEXO AO POSTO COUTO II <br \/>SETOR PRIMAVERA \u2013 CEP: 76.384-075, (64) 9 8154-0030<\/p>\n<p>\n<\/div><\/div><\/div><div class=\"kc-elm kc-css-892141 kc_col-sm-6 kc_column kc_col-sm-6\"><div class=\"kc-col-container\"><div class=\"kc-elm kc-css-128366 kc_text_block\"><\/p>\n<p><strong>GOIANIRA \u2013 GO<\/strong><\/p>\n<p>ROD. GO 070, KM 25, SN, FAZENDA PALMITAL, <br \/>ZONA RURAL \u2013 CEP: 75.370-000, (64) 9 9214-7307<\/p>\n<hr \/>\n<p><strong>ITABERA\u00cd \u2013 GO<\/strong><br \/>ROD. GO 522 KM 0,7, ZONA RURAL <br \/>CEP: 76.630-000, (64) 9 9248-8037<\/p>\n<hr \/>\n<p><strong>JATA\u00cd \u2013 GO<\/strong><br \/>ROD. BR 364, KM 189 \u2013 SALA 05 \u2013 ANEXO <br \/>AO POSTO SUCAL, ZONA RURAL<br \/>CEP: 75.801-615, (64) 9 9249-3229<\/p>\n<hr \/>\n<p><b>MONTIVIDIU \u2013 GO<br \/><\/b><\/p>\n<p>ROD. GO 174, KM 48, ZONA RURAL, <br \/>CEP: 75915-000, (64) 9 9982-5613<\/p>\n<hr \/>\n<p><b>RIO VERDE \u2013 GO<\/b><b><\/b><\/p>\n<p>RODOVIA BR-060, KM-388, SALA 09 &#8211; ANEXO <br \/>AO POSTO CAMPESTRE. ZONA RURAL <br \/>CEP: 75901-970, (64) 9 9313-4331<\/p>\n<hr \/>\n<p><b>UBERABA \u2013 MG<\/b><b><\/b><\/p>\n<p>AV. FILOMENA CARTAFINA, 22031, SALA 38, <br \/>ANEXO AO POSTO CINQ\u00dcENT\u00c3O, DISTRITO<br \/>INDUSTRIAL III \u2013 CEP: 38.044-450, (64) 9 8159-0105<\/p>\n<p>\n<\/div><\/div><\/div><\/div><\/div><\/section><section class=\"kc-elm kc-css-914895 kc_row\"><div class=\"kc-row-container  kc-container\"><div class=\"kc-wrap-columns\"><div class=\"kc-elm kc-css-89820 kc_col-sm-12 kc_column kc_col-sm-12\"><div class=\"kc-col-container\"><div class=\"kc-elm kc-css-928082\" style=\"height: 20px; clear: both; width:100%;\"><\/div><div class=\"kc-elm kc-css-426390\" style=\"height: 20px; clear: both; width:100%;\"><\/div><\/div><\/div><\/div><\/div><\/section><section class=\"kc-elm kc-css-534923 kc_row\"><div class=\"kc-row-container\"><div class=\"kc-wrap-columns\"><div class=\"kc-elm kc-css-40428 kc_col-sm-12 kc_column kc_col-sm-12\"><div class=\"kc-col-container\"><div class=\"widget-heading-title style_4\">\n\t\t\t<h4 class=\"sub-title\"><span>FALE CONOSCO<\/span><\/h4>\n\t\t<h3 class=\"title\">\n\t\t\t\t\t\tDEIXE SUA MENSAGEM\t<\/h3>\n<\/div><div id=\" \" class=\"kc-elm kc-css-304761 kc_row kc_row_inner\"><div class=\"kc-elm kc-css-180564 kc_col-sm-8 kc_column_inner kc_col-sm-8\"><div class=\"kc_wrapper kc-col-inner-container\"><div class=\"kc-elm kc-css-660186 kc_text_block\"><\/p>\n<div role=\"form\" class=\"wpcf7\" id=\"wpcf7-f276-o1\" lang=\"en-US\" dir=\"ltr\">\n<div class=\"screen-reader-response\" role=\"alert\" aria-live=\"polite\"><\/div>\n<form action=\"\/site\/wp-json\/wp\/v2\/pages\/236#wpcf7-f276-o1\" method=\"post\" class=\"wpcf7-form init\" novalidate=\"novalidate\">\n<div style=\"display: none;\">\n<input type=\"hidden\" name=\"_wpcf7\" value=\"276\" \/><br \/>\n<input type=\"hidden\" name=\"_wpcf7_version\" value=\"5.2.2\" \/><br \/>\n<input type=\"hidden\" name=\"_wpcf7_locale\" value=\"en_US\" \/><br \/>\n<input type=\"hidden\" name=\"_wpcf7_unit_tag\" value=\"wpcf7-f276-o1\" \/><br \/>\n<input type=\"hidden\" name=\"_wpcf7_container_post\" value=\"0\" \/><br \/>\n<input type=\"hidden\" name=\"_wpcf7_posted_data_hash\" value=\"\" \/>\n<\/div>\n<p><label> Seu nome (obrigat\u00f3rio)<br \/>\n    <span class=\"wpcf7-form-control-wrap seu-nome\"><input type=\"text\" name=\"seu-nome\" value=\"\" size=\"40\" class=\"wpcf7-form-control wpcf7-text wpcf7-validates-as-required\" aria-required=\"true\" aria-invalid=\"false\" \/><\/span> <\/label><\/p>\n<p><label> Seu e-mail (obrigat\u00f3rio)<br \/>\n    <span class=\"wpcf7-form-control-wrap seu-email\"><input type=\"text\" name=\"seu-email\" value=\"\" size=\"40\" class=\"wpcf7-form-control wpcf7-text wpcf7-validates-as-required\" aria-required=\"true\" aria-invalid=\"false\" \/><\/span> <\/label><\/p>\n<p><label> Assunto (obrigat\u00f3rio)<br \/>\n    <span class=\"wpcf7-form-control-wrap assunto\"><input type=\"text\" name=\"assunto\" value=\"\" size=\"40\" class=\"wpcf7-form-control wpcf7-text wpcf7-validates-as-required\" aria-required=\"true\" aria-invalid=\"false\" \/><\/span> <\/label><\/p>\n<p><label> Mensagem (obrigat\u00f3rio)<br \/>\n    <span class=\"wpcf7-form-control-wrap mensagem\"><textarea name=\"mensagem\" cols=\"40\" rows=\"10\" class=\"wpcf7-form-control wpcf7-textarea\" aria-invalid=\"false\"><\/textarea><\/span> <\/label><\/p>\n<p><input type=\"submit\" value=\"Enviar\" class=\"wpcf7-form-control wpcf7-submit\" \/><\/p>\n<div class=\"wpcf7-response-output\" role=\"alert\" aria-hidden=\"true\"><\/div>\n<\/form>\n<\/div>\n<p>\n<\/div><\/div><\/div><\/div>\n            <div \n                class=\"elfsight-widget-whatsapp-chat elfsight-widget\" \n                data-elfsight-whatsapp-chat-options=\"%7B%22phone%22%3A%22%2B5564999410885%22%2C%22bubbleIcon%22%3A%22whatsapp-chat%22%2C%22bubbleText%22%3A%22%22%2C%22picture%22%3A%22library%22%2C%22pictureLibrary%22%3A%7B%22name%22%3A%22Jonathan%20Nu%5Cu00f1ez%22%2C%22email%22%3A%22jonathan.nu%5Cu00f1ez%40gmail.com%22%2C%22position%22%3A%22Human%20Resources%22%2C%22photo%22%3A%22https%3A%5C%2F%5C%2Frandomuser.me%5C%2Fapi%5C%2Fportraits%5C%2Fmen%5C%2F43.jpg%22%7D%2C%22pictureCustom%22%3A%22%22%2C%22name%22%3A%22Atendimento%20S.E.%20Transportes%22%2C%22nameCaptionType%22%3A%22custom%22%2C%22nameCaptionReplyTime%22%3A%22Typically%20replies%20within%20a%20day%22%2C%22nameCaptionCustom%22%3A%22Online%22%2C%22welcomeMessage%22%3A%22Ol%5Cu00e1%2C%20tudo%20bem%3F%5Cud83d%5Cudc4b%3Cbr%3E%3Cbr%3ECaso%20deseje%20um%20atendimento%20imediato%2C%20estou%20a%20disposi%5Cu00e7%5Cu00e3o%20aqui%20pelo%20Whatsapp.%22%2C%22buttonText%22%3A%22Conversar%20pelo%20Whatspp%22%2C%22buttonIconVisible%22%3Atrue%2C%22position%22%3A%22floating%22%2C%22align%22%3A%22right%22%2C%22whereToDisplayChat%22%3A%22allPages%22%2C%22excludedPages%22%3A%5B%5D%2C%22specificPages%22%3A%5B%7B%22url%22%3A%22%22%7D%5D%2C%22showChatOnMobile%22%3Atrue%2C%22showChatTo%22%3A%22allVisitors%22%2C%22timeOnPage%22%3A2%2C%22timeOnSite%22%3A0%2C%22scrollPosition%22%3A0%2C%22exiIntent%22%3Atrue%2C%22notifications%22%3A%5B%22tabTitle%22%2C%22bubbleBadge%22%5D%2C%22headerBackgroundColor%22%3A%22rgb%282%2C%2085%2C%2068%29%22%2C%22buttonColor%22%3A%22rgb%28103%2C%20226%2C%2065%29%22%2C%22bubbleBackgroundColor%22%3A%22rgb%2828%2C%20154%2C%2021%29%22%2C%22bubbleIconColor%22%3A%22rgb%28255%2C%20255%2C%20255%29%22%2C%22buttonBorderRadius%22%3A6%7D\" \n                data-elfsight-whatsapp-chat-version=\"1.0.0\">\n            <\/div>\n            <\/div><\/div><\/div><\/div><\/section><\/p>\n","protected":false},"excerpt":{"rendered":"","protected":false},"author":1,"featured_media":0,"parent":0,"menu_order":0,"comment_status":"closed","ping_status":"closed","template":"","meta":[],"_links":{"self":[{"href":"https:\/\/setransportes.com.br\/site\/wp-json\/wp\/v2\/pages\/236"}],"collection":[{"href":"https:\/\/setransportes.com.br\/site\/wp-json\/wp\/v2\/pages"}],"about":[{"href":"https:\/\/setransportes.com.br\/site\/wp-json\/wp\/v2\/types\/page"}],"author":[{"embeddable":true,"href":"https:\/\/setransportes.com.br\/site\/wp-json\/wp\/v2\/users\/1"}],"replies":[{"embeddable":true,"href":"https:\/\/setransportes.com.br\/site\/wp-json\/wp\/v2\/comments?post=236"}],"version-history":[{"count":33,"href":"https:\/\/setransportes.com.br\/site\/wp-json\/wp\/v2\/pages\/236\/revisions"}],"predecessor-version":[{"id":1091,"href":"https:\/\/setransportes.com.br\/site\/wp-json\/wp\/v2\/pages\/236\/revisions\/1091"}],"wp:attachment":[{"href":"https:\/\/setransportes.com.br\/site\/wp-json\/wp\/v2\/media?parent=236"}],"curies":[{"name":"wp","href":"https:\/\/api.w.org\/{rel}","templated":true}]}}