{"id":761,"date":"2021-04-15T09:47:17","date_gmt":"2021-04-15T12:47:17","guid":{"rendered":"http:\/\/setransportes.com.br\/site\/?page_id=761"},"modified":"2023-08-28T11:22:06","modified_gmt":"2023-08-28T14:22:06","slug":"responsabilidade-socioambiental","status":"publish","type":"page","link":"https:\/\/setransportes.com.br\/site\/responsabilidade-socioambiental\/","title":{"rendered":"Responsabilidade Socioambiental"},"content":{"rendered":"<section class=\"kc-elm kc-css-83203 kc_row\"><div class=\"kc-row-container  kc-container\"><div class=\"kc-wrap-columns\"><div class=\"kc-elm kc-css-238850 kc_col-sm-12 kc_column kc_col-sm-12\"><div class=\"kc-col-container\"><div data-open-on-mouseover=\"\" data-tab-active=\"1\" data-effect-option=\"\" class=\"kc-elm kc-css-935602 kc_tabs group kc_vertical_tabs\">\n\t<div class=\"kc_wrapper ui-tabs kc_clearfix\">\n\t\t<ul class=\" ui-tabs-nav kc_clearfix\">\n\t\t\t<li> <a href=\"#\">S.E. EM A\u00c7\u00c3O<\/a><\/li><li> <a href=\"#\">TAMPA MANIA<\/a><\/li><li> <a href=\"#\">OUTROS PROJETOS<\/a><\/li>\t\t<\/ul>\n\t\t<div id=\"s-e-em-acao\" class=\"kc-elm kc-css-409904 kc_tab ui-tabs-panel kc_ui-tabs-hide kc_clearfix \"><div class=\"kc_tab_content\"><div class=\"kc-elm kc-css-100288\">\n\t<div class=\"kc-carousel_images kc-elm kc-css-100288\">\n\t\n\t\t<div class=\"kc-carousel-images owl-carousel-images kc-sync1  owl-nav-arrow\" data-owl-i-options='{\"items\":\"3\",\"tablet\":\"2\",\"mobile\":\"1\",\"speed\":\"500\",\"navigation\":\"yes\",\"pagination\":\"yes\",\"autoheight\":\"\",\"progressbar\":\"\",\"delay\":\"8\",\"autoplay\":\"yes\",\"showthumb\":\"\",\"num_thumb\":\"5\"}'>\n\t\n\t\t\t\t\t<div class=\"item\">\n\t\n\t\t\t\t\t\t\t<img src=\"https:\/\/setransportes.com.br\/site\/wp-content\/uploads\/2021\/04\/se-transportes_0004_5.jpg.jpg\"  alt=\"\"\/>\n\t\n\t\t\t\t\n\t\t\t<\/div>\n\t\n\t\t\t\t\t<div class=\"item\">\n\t\n\t\t\t\t\t\t\t<img src=\"https:\/\/setransportes.com.br\/site\/wp-content\/uploads\/2021\/04\/se-transportes_0003_4.jpg.jpg\"  alt=\"\"\/>\n\t\n\t\t\t\t\n\t\t\t<\/div>\n\t\n\t\t\t\t\t<div class=\"item\">\n\t\n\t\t\t\t\t\t\t<img src=\"https:\/\/setransportes.com.br\/site\/wp-content\/uploads\/2021\/04\/se-transportes_0002_3.jpg.jpg\"  alt=\"\"\/>\n\t\n\t\t\t\t\n\t\t\t<\/div>\n\t\n\t\t\t\t\t<div class=\"item\">\n\t\n\t\t\t\t\t\t\t<img src=\"https:\/\/setransportes.com.br\/site\/wp-content\/uploads\/2021\/04\/se-transportes_0001_2.jpg.jpg\"  alt=\"\"\/>\n\t\n\t\t\t\t\n\t\t\t<\/div>\n\t\n\t\t\t\t\t<div class=\"item\">\n\t\n\t\t\t\t\t\t\t<img src=\"https:\/\/setransportes.com.br\/site\/wp-content\/uploads\/2021\/04\/se-transportes_0000_1.jpg.jpg\"  alt=\"\"\/>\n\t\n\t\t\t\t\n\t\t\t<\/div>\n\t\n\t\t\t\n\t\t<\/div>\n\t\n\t\t\t<\/div>\n<\/div>\n<div class=\"kc-elm kc-css-328360\" style=\"height: 20px; clear: both; width:100%;\"><\/div>\n<div class=\"kc-elm kc-css-377513 kc-title-wrap \">\n\n\t<h1 class=\"kc_title\">PROJETO S.E. EM A\u00c7\u00c3O<\/h1>\n<\/div>\n<div class=\"kc-elm kc-css-396818 kc_text_block\"><\/p>\n<p>Este projeto \u00e9 realizado anualmente em dezembro com envolvimento de todos colaboradores do Grupo S.E.. Seu principal prop\u00f3sito \u00e9 o de levar o esp\u00edrito e a magia do Natal para crian\u00e7as das comunidades carentes da cidade de Itumbiara-GO. O evento conta com atividades culturais e recreativas, al\u00e9m da distribui\u00e7\u00e3o de guloseimas e brinquedos.<\/p>\n<p>\n<\/div><\/div><\/div><div id=\"s-e-em-acao\" class=\"kc-elm kc-css-385499 kc_tab ui-tabs-panel kc_ui-tabs-hide kc_clearfix \"><div class=\"kc_tab_content\"><div class=\"kc-elm kc-css-128522\">\n\t<div class=\"kc-carousel_images kc-elm kc-css-128522\">\n\t\n\t\t<div class=\"kc-carousel-images owl-carousel-images kc-sync1  owl-nav-arrow\" data-owl-i-options='{\"items\":\"3\",\"tablet\":\"2\",\"mobile\":\"1\",\"speed\":\"500\",\"navigation\":\"yes\",\"pagination\":\"yes\",\"autoheight\":\"\",\"progressbar\":\"\",\"delay\":\"8\",\"autoplay\":\"yes\",\"showthumb\":\"\",\"num_thumb\":\"5\"}'>\n\t\n\t\t\t\t\t<div class=\"item\">\n\t\n\t\t\t\t\t\t\t<img src=\"https:\/\/setransportes.com.br\/site\/wp-content\/uploads\/2021\/04\/se-transportes_0009_10.jpg.jpg\"  alt=\"\"\/>\n\t\n\t\t\t\t\n\t\t\t<\/div>\n\t\n\t\t\t\t\t<div class=\"item\">\n\t\n\t\t\t\t\t\t\t<img src=\"https:\/\/setransportes.com.br\/site\/wp-content\/uploads\/2021\/04\/se-transportes_0008_9.jpg.jpg\"  alt=\"\"\/>\n\t\n\t\t\t\t\n\t\t\t<\/div>\n\t\n\t\t\t\t\t<div class=\"item\">\n\t\n\t\t\t\t\t\t\t<img src=\"https:\/\/setransportes.com.br\/site\/wp-content\/uploads\/2021\/04\/se-transportes_0007_8.jpg.jpg\"  alt=\"\"\/>\n\t\n\t\t\t\t\n\t\t\t<\/div>\n\t\n\t\t\t\t\t<div class=\"item\">\n\t\n\t\t\t\t\t\t\t<img src=\"https:\/\/setransportes.com.br\/site\/wp-content\/uploads\/2021\/04\/se-transportes_0006_7.jpg.jpg\"  alt=\"\"\/>\n\t\n\t\t\t\t\n\t\t\t<\/div>\n\t\n\t\t\t\t\t<div class=\"item\">\n\t\n\t\t\t\t\t\t\t<img src=\"https:\/\/setransportes.com.br\/site\/wp-content\/uploads\/2021\/04\/se-transportes_0005_6.jpg.jpg\"  alt=\"\"\/>\n\t\n\t\t\t\t\n\t\t\t<\/div>\n\t\n\t\t\t\n\t\t<\/div>\n\t\n\t\t\t<\/div>\n<\/div>\n<div class=\"kc-elm kc-css-824843\" style=\"height: 20px; clear: both; width:100%;\"><\/div>\n<div class=\"kc-elm kc-css-57775 kc-title-wrap \">\n\n\t<h1 class=\"kc_title\">Responsabilidade Socioambiental<\/h1>\n<\/div>\n<div class=\"kc-elm kc-css-199734 kc_text_block\"><\/p>\n<p>\nO Grupo S.E. apoia o Projeto Tampa Mania que consiste em retirar do meio ambiente as tampas pl\u00e1sticas em geral, sejam elas de garrafas pets, refrigerantes, \u00e1gua, iogurte, shampoo, amaciantes, entre outros. Com o valor obtido da venda \u00e0s recicladoras s\u00e3o compradas: cadeiras de rodas, andadores, muletas e frald\u00f5es geri\u00e1tricos aos necessitados e cadastrados nos Clubes de Rotary do distrito 4530.<\/p>\n<p>\n<\/div><\/div><\/div><div id=\"s-e-em-acao\" class=\"kc-elm kc-css-935653 kc_tab ui-tabs-panel kc_ui-tabs-hide kc_clearfix \"><div class=\"kc_tab_content\"><div class=\"kc-elm kc-css-366314\">\n\t<div class=\"kc-carousel_images kc-elm kc-css-366314\">\n\t\n\t\t<div class=\"kc-carousel-images owl-carousel-images kc-sync1  owl-nav-arrow\" data-owl-i-options='{\"items\":\"3\",\"tablet\":\"2\",\"mobile\":\"1\",\"speed\":\"500\",\"navigation\":\"yes\",\"pagination\":\"yes\",\"autoheight\":\"\",\"progressbar\":\"\",\"delay\":\"8\",\"autoplay\":\"yes\",\"showthumb\":\"\",\"num_thumb\":\"5\"}'>\n\t\n\t\t\t\t\t<div class=\"item\">\n\t\n\t\t\t\t\t\t\t<img src=\"https:\/\/setransportes.com.br\/site\/wp-content\/uploads\/2023\/08\/Imagem1.png\"  alt=\"\"\/>\n\t\n\t\t\t\t\n\t\t\t<\/div>\n\t\n\t\t\t\t\t<div class=\"item\">\n\t\n\t\t\t\t\t\t\t<img src=\"https:\/\/setransportes.com.br\/site\/wp-content\/uploads\/2021\/04\/se-transportes_0014_15.jpg.jpg\"  alt=\"\"\/>\n\t\n\t\t\t\t\n\t\t\t<\/div>\n\t\n\t\t\t\t\t<div class=\"item\">\n\t\n\t\t\t\t\t\t\t<img src=\"https:\/\/setransportes.com.br\/site\/wp-content\/uploads\/2021\/04\/se-transportes_0013_14.png.jpg\"  alt=\"\"\/>\n\t\n\t\t\t\t\n\t\t\t<\/div>\n\t\n\t\t\t\t\t<div class=\"item\">\n\t\n\t\t\t\t\t\t\t<img src=\"https:\/\/setransportes.com.br\/site\/wp-content\/uploads\/2021\/04\/se-transportes_0012_13.jpg.jpg\"  alt=\"\"\/>\n\t\n\t\t\t\t\n\t\t\t<\/div>\n\t\n\t\t\t\t\t<div class=\"item\">\n\t\n\t\t\t\t\t\t\t<img src=\"https:\/\/setransportes.com.br\/site\/wp-content\/uploads\/2021\/04\/se-transportes_0011_12.jpg.jpg\"  alt=\"\"\/>\n\t\n\t\t\t\t\n\t\t\t<\/div>\n\t\n\t\t\t\t\t<div class=\"item\">\n\t\n\t\t\t\t\t\t\t<img src=\"https:\/\/setransportes.com.br\/site\/wp-content\/uploads\/2021\/04\/se-transportes_0010_11.jpg.jpg\"  alt=\"\"\/>\n\t\n\t\t\t\t\n\t\t\t<\/div>\n\t\n\t\t\t\n\t\t<\/div>\n\t\n\t\t\t<\/div>\n<\/div>\n<div class=\"kc-elm kc-css-763730\" style=\"height: 20px; clear: both; width:100%;\"><\/div>\n<div class=\"kc-elm kc-css-817892 kc-title-wrap \">\n\n\t<h1 class=\"kc_title\">OUTROS PROJETOS<\/h1>\n<\/div>\n<div class=\"kc-elm kc-css-686688 kc_text_block\"><\/p>\n<p>\n\u2022 Doa\u00e7\u00f5es mensais de cestas b\u00e1sicas para a comunidade;<br \/>\u2022 Doa\u00e7\u00e3o de uniformes reaproveitados;<br \/>\u2022 Patroc\u00ednio e apoio do paratleta\u00a0Jadiel Souza;<br \/>\u2022 Incentivo ao esporte entre os colaboradores;<br \/>\u2022 Campanhas de preven\u00e7\u00e3o de acidentes e dire\u00e7\u00e3o defensiva;<br \/>\u2022 Patroc\u00ednio de atividades religiosas e eventos culturais;<br \/>\u2022 Recolhimentos de pilhas e l\u00e2mpadas.<\/p>\n<p>\n<\/div><\/div><\/div>\t<\/div>\n<\/div>\n\n\n<\/div><\/div><\/div><\/div><\/section>\n","protected":false},"excerpt":{"rendered":"","protected":false},"author":1,"featured_media":0,"parent":0,"menu_order":0,"comment_status":"closed","ping_status":"closed","template":"","meta":[],"_links":{"self":[{"href":"https:\/\/setransportes.com.br\/site\/wp-json\/wp\/v2\/pages\/761"}],"collection":[{"href":"https:\/\/setransportes.com.br\/site\/wp-json\/wp\/v2\/pages"}],"about":[{"href":"https:\/\/setransportes.com.br\/site\/wp-json\/wp\/v2\/types\/page"}],"author":[{"embeddable":true,"href":"https:\/\/setransportes.com.br\/site\/wp-json\/wp\/v2\/users\/1"}],"replies":[{"embeddable":true,"href":"https:\/\/setransportes.com.br\/site\/wp-json\/wp\/v2\/comments?post=761"}],"version-history":[{"count":21,"href":"https:\/\/setransportes.com.br\/site\/wp-json\/wp\/v2\/pages\/761\/revisions"}],"predecessor-version":[{"id":1088,"href":"https:\/\/setransportes.com.br\/site\/wp-json\/wp\/v2\/pages\/761\/revisions\/1088"}],"wp:attachment":[{"href":"https:\/\/setransportes.com.br\/site\/wp-json\/wp\/v2\/media?parent=761"}],"curies":[{"name":"wp","href":"https:\/\/api.w.org\/{rel}","templated":true}]}}