{"id":855,"date":"2021-04-27T10:30:06","date_gmt":"2021-04-27T13:30:06","guid":{"rendered":"http:\/\/setransportes.com.br\/site\/?page_id=855"},"modified":"2022-05-24T21:51:10","modified_gmt":"2022-05-25T00:51:10","slug":"canal-de-etica","status":"publish","type":"page","link":"https:\/\/setransportes.com.br\/site\/canal-de-etica\/","title":{"rendered":"Canal de \u00c9tica"},"content":{"rendered":"<section data-kc-fullwidth=\"row\" class=\"kc-elm kc-css-263495 kc_row\"><div class=\"kc-row-container  kc-container\"><div class=\"kc-wrap-columns\"><div class=\"kc-elm kc-css-23640 kc_col-sm-12 kc_column kc_col-sm-12\"><div class=\"kc-col-container\"><div class=\"kc-elm kc-css-61644\" style=\"height: 101px; clear: both; width:100%;\"><\/div><div data-open-on-mouseover=\"\" data-tab-active=\"1\" data-effect-option=\"\" class=\"kc-elm kc-css-893010 kc_tabs group kc_vertical_tabs\">\n\t<div class=\"kc_wrapper ui-tabs kc_clearfix\">\n\t\t<ul class=\" ui-tabs-nav kc_clearfix\">\n\t\t\t<li><a href=\"#\" data-prevent=\"scroll\">Compliance<\/a><\/li><li><a href=\"#\" data-prevent=\"scroll\">C\u00f3digo de \u00c9tica e Conduta<\/a><\/li><li><a href=\"#\" data-prevent=\"scroll\">Ouvidoria<\/a><\/li><li><a href=\"#\" data-prevent=\"scroll\">Pol\u00edtica de Privacidade<\/a><\/li>\t\t<\/ul>\n\t\t<div id=\"compliance\" class=\"kc-elm kc-css-156 kc_tab ui-tabs-panel kc_ui-tabs-hide kc_clearfix \"><div class=\"kc_tab_content\"><div class=\"kc-elm kc-css-868502 kc_text_block\"><\/p>\n<p>\nCompliance \u00e9 estar em conformidade, \u00e9 cumprir e fazer cumprir normas e regulamenta\u00e7\u00f5es, sejam internas ou externas, assumidas voluntariamente ou impostas \u00e0s atividades da organiza\u00e7\u00e3o.<\/p>\n<p>Atrav\u00e9s do nosso C\u00f3digo de \u00c9tica e Conduta, a S.E. Transportes estabelece diretrizes para preven\u00e7\u00e3o, detec\u00e7\u00e3o e corre\u00e7\u00e3o de pr\u00e1ticas inadequadas ou divergentes das Leis, Normas e Regulamentos externos e internos. Incentivamos a den\u00fancia de irregularidades atrav\u00e9s desse canal, bem como orientamos e exigimos conduta \u00e9tica e respons\u00e1vel de seus integrantes de nossa empresa.<\/p>\n<p>\n<\/div><\/div><\/div><div id=\"codigo-de-etica-e-conduta\" class=\"kc-elm kc-css-261383 kc_tab ui-tabs-panel kc_ui-tabs-hide kc_clearfix \"><div class=\"kc_tab_content\"><div class=\"kc-elm kc-css-884357 kc_text_block\"><\/p>\n<p>\nA S.E. Transporte \u00e9 pautada pela \u00e9tica e respeito \u00e0s leis nas suas atividades comerciais e desejamos que nossos colaboradores ajam da mesma forma. Por esta raz\u00e3o temos o nosso pr\u00f3prio c\u00f3digo de \u00e9tica e conduta profissional, para que todos em nossa organiza\u00e7\u00e3o sejam comprometidos com a integridade em nossos neg\u00f3cios.<\/p>\n<p>\n<\/div><div class=\"kc-elm kc-css-542167\" style=\"height: 20px; clear: both; width:100%;\"><\/div>\n<div class=\"kc-elm kc-css-295795\">\n\t<a class=\"kc_button\" href=\"http:\/\/setransportes.com.br\/codigodeetica.pdf\" target=\"_blank\" title=\"\" onclick=\"\">\n\t\t<i class=\"fa-angle-double-down\"><\/i> | Download do C\u00f3digo de \u00c9tica e Conduta\t<\/a>\n<\/div>\n<div class=\"kc-elm kc-css-874240\" style=\"height: 20px; clear: both; width:100%;\"><\/div><\/div><\/div><div id=\"ouvidoria\" class=\"kc-elm kc-css-149023 kc_tab ui-tabs-panel kc_ui-tabs-hide kc_clearfix \"><div class=\"kc_tab_content\"><div class=\"kc-elm kc-css-775292 kc_text_block\"><\/p>\n<p>\n<strong>Ao identificar ou suspeitar de alguma irregularidade ou descumprimento de qualquer um dos pontos descritos em nosso c\u00f3digo de \u00e9tica e conduta, poder\u00e1 utilizar este canal para realizar sua den\u00fancia atrav\u00e9s do formul\u00e1rio contido no bot\u00e3o abaixo.<\/strong><\/p>\n<p>As informa\u00e7\u00f5es registradas\u00a0 ser\u00e3o recebidas e mantidas em sigilo absoluto pelo setor respons\u00e1vel para realizar a averigua\u00e7\u00e3o. Portanto, \u00e9 de extrema import\u00e2ncia que seu relato seja claro e conciso, com todos os campos preenchidos.<\/p>\n<p>Os relatos podem ser identificados ou an\u00f4nimos. Entretanto, caso voc\u00ea se identifique, a sua identidade ser\u00e1 preservada. Todas as informa\u00e7\u00f5es passadas ser\u00e3o tratadas com sigilo e confidencialidade.<\/p>\n<p>\n<\/div><div class=\"kc-elm kc-css-14407\" style=\"height: 20px; clear: both; width:100%;\"><\/div>\n<div class=\"kc-elm kc-css-394446\">\n\t<a class=\"kc_button\" href=\"http:\/\/setransportes.com.br\/site\/ouvidoria\/\" target=\"_blank\" title=\"Ouvidoria\" onclick=\"\">\n\t\t<i class=\"fab-wpforms\"><\/i> | Preencha o formul\u00e1rio\t<\/a>\n<\/div>\n<div class=\"kc-elm kc-css-686942\" style=\"height: 20px; clear: both; width:100%;\"><\/div><div class=\"kc-elm kc-css-442803 kc_text_block\"><\/p>\n<div class=\"page-subtitle mb-4\"><strong>Outros canais de comunica\u00e7\u00e3o dispon\u00edveis:<\/strong><\/div>\n<div><\/div>\n<div>\n<p><strong>Telefone:<\/strong> (64) 3404-8090<br \/><strong>E-mail:<\/strong> ouvidoria@setransportes.com.br<br \/><strong>Carta:<\/strong> Via Expressa M\u00facio de Souza Rezende, 3625, Sala 03, Setor Santa Rita, CEP: 75.515-490, Caixa Postal 1001<\/p>\n<\/div>\n<p>\n<\/div><\/div><\/div><div id=\"politica-de-privacidade\" class=\"kc-elm kc-css-961269 kc_tab ui-tabs-panel kc_ui-tabs-hide kc_clearfix \"><div class=\"kc_tab_content\"><div class=\"kc-elm kc-css-415630 kc_text_block\"><\/p>\n<p>Em observ\u00e2ncia \u00e0 Lei n. 13.709\/18 \u2013 Lei Geral de Prote\u00e7\u00e3o de Dados Pessoais &#8211; e demais normativas aplic\u00e1veis sobre prote\u00e7\u00e3o de dados pessoais, manifesto-me de forma informada, livre, expressa e consciente, no sentido de autorizar a S.E TRANSPORTES E REPRESENTA\u00c7\u00d5ES LTDA, a realizar o tratamento de meus Dados Pessoais para as finalidades e de acordo com as condi\u00e7\u00f5es\u00a0 estabelecidas no link abaixo.<\/p>\n<\/p>\n<p>\n<\/div><div class=\"kc-elm kc-css-815870\" style=\"height: 20px; clear: both; width:100%;\"><\/div>\n<div class=\"kc-elm kc-css-528275\">\n\t<a class=\"kc_button\" href=\"https:\/\/setransportes.com.br\/site\/politica-de-privacidade\/\" target=\"_blank\" title=\" \" onclick=\"\">\n\t\t<i class=\"fab-wpforms\"><\/i> | Termo de Consentimento para o Tratamento de Dados Pessoais\t<\/a>\n<\/div>\n<div class=\"kc-elm kc-css-547080\" style=\"height: 20px; clear: both; width:100%;\"><\/div><\/div><\/div>\t<\/div>\n<\/div>\n\n\n<div class=\"kc-elm kc-css-27251\" style=\"height: 101px; clear: both; width:100%;\"><\/div><\/div><\/div><\/div><\/div><\/section>\n","protected":false},"excerpt":{"rendered":"","protected":false},"author":1,"featured_media":0,"parent":0,"menu_order":0,"comment_status":"closed","ping_status":"closed","template":"","meta":[],"_links":{"self":[{"href":"https:\/\/setransportes.com.br\/site\/wp-json\/wp\/v2\/pages\/855"}],"collection":[{"href":"https:\/\/setransportes.com.br\/site\/wp-json\/wp\/v2\/pages"}],"about":[{"href":"https:\/\/setransportes.com.br\/site\/wp-json\/wp\/v2\/types\/page"}],"author":[{"embeddable":true,"href":"https:\/\/setransportes.com.br\/site\/wp-json\/wp\/v2\/users\/1"}],"replies":[{"embeddable":true,"href":"https:\/\/setransportes.com.br\/site\/wp-json\/wp\/v2\/comments?post=855"}],"version-history":[{"count":23,"href":"https:\/\/setransportes.com.br\/site\/wp-json\/wp\/v2\/pages\/855\/revisions"}],"predecessor-version":[{"id":1015,"href":"https:\/\/setransportes.com.br\/site\/wp-json\/wp\/v2\/pages\/855\/revisions\/1015"}],"wp:attachment":[{"href":"https:\/\/setransportes.com.br\/site\/wp-json\/wp\/v2\/media?parent=855"}],"curies":[{"name":"wp","href":"https:\/\/api.w.org\/{rel}","templated":true}]}}